{"id":39,"date":"2023-03-20T12:56:37","date_gmt":"2023-03-20T11:56:37","guid":{"rendered":"https:\/\/produkte-staging.blutspende-basel.ch\/?page_id=39"},"modified":"2025-06-06T08:40:50","modified_gmt":"2025-06-06T06:40:50","slug":"anleitung","status":"publish","type":"page","link":"https:\/\/produkte-staging.blutspende-basel.ch\/index.php\/anleitung\/","title":{"rendered":"Anleitung f\u00fcr Bestellungen"},"content":{"rendered":"\n<p><\/p>\n\n\n\n<h4 class=\"wp-block-heading has-vivid-red-color has-text-color\">Bestellung der Produkte<\/h4>\n\n\n\n<p>Sie k\u00f6nnen maximal 3 x 9 mL Blut pro Tag bestellen. Das sind drei Einheiten pro Tag. Jedes Produkt gilt als eine Einheit. Ihre Bestellung muss bis sp\u00e4testens 15.30 Uhr am Vorvortag der gew\u00fcnschten Auslieferung \u00fcber diesen Shop erfolgen. Angaben betreffend Alter und Geschlecht oder mehrere Blutr\u00f6hrchen von der selben Person k\u00f6nnen Sie im letzten Schritt des Bestellvorgangs angeben.<\/p>\n\n\n\n<h4 class=\"wp-block-heading has-vivid-red-color has-text-color\">Abholung der Produkte<\/h4>\n\n\n\n<p>Ihre Bestelllung kann ausschliesslich zwischen 14.30 und 15.30 Uhr bei  uns im Blutspendezentrum abgeholt werden. Ausserhalb dieser Zeit werden keine Produkte ausgegeben. Zeitw\u00fcnsche k\u00f6nnen wir nicht ber\u00fccksichtigen. Falls Sie ein Versand der Produkte w\u00fcnschen, m\u00fcssen Sie uns das im Bestellvorgang mitteilen. Der Transport geht auf Ihre eigenen Kosten und muss von Ihnen organisiert werden. <br>Bei Fragen, kontaktieren Sie uns ausschliesslich per E-Mail: <a href=\"mailto:produkte@blutspende-basel.ch\" target=\"_blank\" rel=\"noreferrer noopener\">produkte@blutspende-basel.ch<\/a><\/p>\n\n\n\n<h4 class=\"wp-block-heading has-vivid-red-color has-text-color\">Forschungseigene Spezialr\u00f6hrchen<\/h4>\n\n\n\n<p>Sie haben die M\u00f6glichkeit, forschungseigene Spezialr\u00f6hrchen bei uns im Zentrum vorbeizubringen. Diese m\u00fcssen von uns beurteilt und akzeptiert werden, da wir nicht alle R\u00f6hrchen mit unserem System abnehmen k\u00f6nnen.<\/p>\n\n\n\n<h4 class=\"wp-block-heading has-vivid-red-color has-text-color\">Bitte nehmen Sie unbedingt folgendes zur Kenntnis:<\/h4>\n\n\n\n<p><strong>Keine Liefergarantie<\/strong><br>Wir k\u00f6nnen die Lieferung der bestellten Blutproben nicht garantieren. Die lieferbare Menge ist zum einen direkt abh\u00e4ngig von der Anzahl Blutspender:innen, die am jeweiligen Tag zur Blutspende kommen und zum anderen von deren Einverst\u00e4ndnis f\u00fcr die Blutentnahme zu Forschungszwecken.<\/p>\n\n\n\n<p><strong>Empfangsbest\u00e4tigung und allf\u00e4llige Storno-Benachrichtigung<\/strong><br>Nach erfolgter Bestellung erhalten Sie von uns eine Empfangsbest\u00e4tigung. Diese garantiert noch nicht, dass wir die bestellten Produkte liefern k\u00f6nnen. Sofern wir nicht liefern k\u00f6nnen,  wird der Bestellvorgang von unserer Seite her storniert. Sie erhalten eine Storno-Benachrichtigung. K\u00f6nnen wir jedoch liefern, erhalten Sie eine Auftragsbest\u00e4tigung.<\/p>\n\n\n\n<p><strong>Bestelltage<\/strong><br>Montag bis Donnerstag<br>Bestellungen vom Freitag werden am Montag bearbeitet.<br>Samstags, sonntags sowie Feiertage nehmen wir keine Bestellungen an.<\/p>\n\n\n\n<p><strong>Kaufpreis und zus\u00e4tzliche Kosten<\/strong><br>Der Kaufpreis ergibt sich aus Ihrer Bestellung aus diesem Shop. Allf\u00e4llige Kosten f\u00fcr Steuern (bspw. Umsatzsteuer, MwSt), Z\u00f6lle, Versand-, Verpackungs-, Transport- und Versicherungskosten etc. sind in den Preisen nicht inbegriffen und sind vollumf\u00e4nglich vom Kunden zu tragen. Verpackung und allf\u00e4llige Transporthilfsmittel werden nicht zur\u00fcckgenommen. Die Kosten f\u00fcr die Entsorgung von Verpackungsmaterial gehen zu Lasten des Kunden. Nicht vorhersehbare Erh\u00f6hungen solcher Kosten nach Vertragsabschluss gehen ebenfalls zu Lasten des Kunden.<\/p>\n\n\n\n<p><strong>Stornierungen von Bestellungen<\/strong><br>Stornierungen von Bestellungen m\u00fcssen uns bis mind. 48 Std. vor Auslieferung per E-Mail an<br><a href=\"mailto:produkte@blutspende-basel.ch\" target=\"_blank\" rel=\"noreferrer noopener\">produkte@blutspende-basel.ch<\/a> mitgeteilt werden. Sp\u00e4ter eintreffende Stornierungen sowie nicht abgeholte Bestellungen werden verrechnet.<\/p>\n\n\n\n<p><\/p>\n","protected":false},"excerpt":{"rendered":"<p>Bestellung der Produkte Sie k\u00f6nnen maximal 3 x 9 mL Blut pro Tag bestellen. Das sind drei Einheiten pro Tag. Jedes Produkt gilt als eine Einheit. Ihre Bestellung muss bis sp\u00e4testens 15.30 Uhr am Vorvortag der gew\u00fcnschten Auslieferung \u00fcber diesen Shop erfolgen. Angaben betreffend Alter und Geschlecht oder mehrere Blutr\u00f6hrchen von der selben Person k\u00f6nnen [&hellip;]<\/p>\n","protected":false},"author":1,"featured_media":0,"parent":0,"menu_order":0,"comment_status":"closed","ping_status":"closed","template":"","meta":{"_acf_changed":false,"footnotes":""},"class_list":["post-39","page","type-page","status-publish","hentry"],"acf":[],"_links":{"self":[{"href":"https:\/\/produkte-staging.blutspende-basel.ch\/index.php\/wp-json\/wp\/v2\/pages\/39","targetHints":{"allow":["GET"]}}],"collection":[{"href":"https:\/\/produkte-staging.blutspende-basel.ch\/index.php\/wp-json\/wp\/v2\/pages"}],"about":[{"href":"https:\/\/produkte-staging.blutspende-basel.ch\/index.php\/wp-json\/wp\/v2\/types\/page"}],"author":[{"embeddable":true,"href":"https:\/\/produkte-staging.blutspende-basel.ch\/index.php\/wp-json\/wp\/v2\/users\/1"}],"replies":[{"embeddable":true,"href":"https:\/\/produkte-staging.blutspende-basel.ch\/index.php\/wp-json\/wp\/v2\/comments?post=39"}],"version-history":[{"count":8,"href":"https:\/\/produkte-staging.blutspende-basel.ch\/index.php\/wp-json\/wp\/v2\/pages\/39\/revisions"}],"predecessor-version":[{"id":380,"href":"https:\/\/produkte-staging.blutspende-basel.ch\/index.php\/wp-json\/wp\/v2\/pages\/39\/revisions\/380"}],"wp:attachment":[{"href":"https:\/\/produkte-staging.blutspende-basel.ch\/index.php\/wp-json\/wp\/v2\/media?parent=39"}],"curies":[{"name":"wp","href":"https:\/\/api.w.org\/{rel}","templated":true}]}}